{"id":107,"date":"2015-08-15T17:14:45","date_gmt":"2015-08-15T15:14:45","guid":{"rendered":"http:\/\/www.ra-korban.de\/?page_id=107"},"modified":"2022-10-13T17:37:17","modified_gmt":"2022-10-13T15:37:17","slug":"aktuell","status":"publish","type":"page","link":"http:\/\/www.ra-korban.de\/?page_id=107","title":{"rendered":"Aktuell"},"content":{"rendered":"<p><strong><span style=\"color: #3366ff;\">Grundsteuererkl\u00e4rung<br \/><\/span><\/strong><\/p>\n<p><span style=\"color: #000000;\">Ab 2025 soll eine neue Grundsteuer gelten. Dazu werden alle Eigent\u00fcmer vom Finanzamt angeschrieben um Daten bereit zu stellen in Form einer Grundsteuererkl\u00e4rung. Das Finanzamt erwartete diese bis zum 31.10.2022.\u00a0 <\/span><\/p>\n<p>Am 13.10.2022 wurde die <span style=\"color: #0000ff;\">Abgabefrist verl\u00e4ngert bis zum 31. Januar 2023,<\/span><\/p>\n<p><span style=\"color: #000000;\">Sollten Sie Probleme mit der Erkl\u00e4rung haben, fertige ich diese gerne f\u00fcr Sie.<br \/><\/span><\/p>\n\n\n<p><\/p>\n","protected":false},"excerpt":{"rendered":"<p>Grundsteuererkl\u00e4rung Ab 2025 soll eine neue Grundsteuer gelten. Dazu werden alle Eigent\u00fcmer vom Finanzamt angeschrieben um Daten bereit zu stellen in Form einer Grundsteuererkl\u00e4rung. Das Finanzamt erwartete diese bis zum 31.10.2022.\u00a0 Am 13.10.2022 wurde die Abgabefrist verl\u00e4ngert bis zum 31. &hellip; <a href=\"http:\/\/www.ra-korban.de\/?page_id=107\">Weiterlesen <span class=\"meta-nav\">&rarr;<\/span><\/a><\/p>\n","protected":false},"author":2,"featured_media":0,"parent":0,"menu_order":0,"comment_status":"closed","ping_status":"closed","template":"","meta":[],"_links":{"self":[{"href":"http:\/\/www.ra-korban.de\/index.php?rest_route=\/wp\/v2\/pages\/107"}],"collection":[{"href":"http:\/\/www.ra-korban.de\/index.php?rest_route=\/wp\/v2\/pages"}],"about":[{"href":"http:\/\/www.ra-korban.de\/index.php?rest_route=\/wp\/v2\/types\/page"}],"author":[{"embeddable":true,"href":"http:\/\/www.ra-korban.de\/index.php?rest_route=\/wp\/v2\/users\/2"}],"replies":[{"embeddable":true,"href":"http:\/\/www.ra-korban.de\/index.php?rest_route=%2Fwp%2Fv2%2Fcomments&post=107"}],"version-history":[{"count":12,"href":"http:\/\/www.ra-korban.de\/index.php?rest_route=\/wp\/v2\/pages\/107\/revisions"}],"predecessor-version":[{"id":330,"href":"http:\/\/www.ra-korban.de\/index.php?rest_route=\/wp\/v2\/pages\/107\/revisions\/330"}],"wp:attachment":[{"href":"http:\/\/www.ra-korban.de\/index.php?rest_route=%2Fwp%2Fv2%2Fmedia&parent=107"}],"curies":[{"name":"wp","href":"https:\/\/api.w.org\/{rel}","templated":true}]}}